{"id":574,"date":"2021-08-03T10:38:41","date_gmt":"2021-08-03T10:38:41","guid":{"rendered":"https:\/\/www.kancelaria-jagodzinski.pl\/?page_id=574"},"modified":"2021-08-16T07:27:19","modified_gmt":"2021-08-16T07:27:19","slug":"o-wlascicielu","status":"publish","type":"page","link":"https:\/\/www.kancelaria-jagodzinski.pl\/en\/o-wlascicielu\/","title":{"rendered":"About Owner"},"content":{"rendered":"<div data-elementor-type=\"wp-page\" data-elementor-id=\"574\" class=\"elementor elementor-574\" data-elementor-settings=\"[]\">\n\t\t\t\t\t\t<div class=\"elementor-inner\">\n\t\t\t\t\t\t\t<div class=\"elementor-section-wrap\">\n\t\t\t\t\t\t\t<section class=\"elementor-section elementor-top-section elementor-element elementor-element-1fceb66 elementor-section-boxed elementor-section-height-default elementor-section-height-default\" data-id=\"1fceb66\" data-element_type=\"section\" data-settings=\"{&quot;background_background&quot;:&quot;classic&quot;}\">\n\t\t\t\t\t\t\t<div class=\"elementor-background-overlay\"><\/div>\n\t\t\t\t\t\t\t<div class=\"elementor-container elementor-column-gap-no\">\n\t\t\t\t\t\t\t<div class=\"elementor-row\">\n\t\t\t\t\t<div class=\"elementor-column elementor-col-100 elementor-top-column elementor-element elementor-element-c022c02\" data-id=\"c022c02\" data-element_type=\"column\">\n\t\t\t<div class=\"elementor-column-wrap elementor-element-populated\">\n\t\t\t\t\t\t\t<div class=\"elementor-widget-wrap\">\n\t\t\t\t\t\t<div class=\"elementor-element elementor-element-e7e52cc elementor-widget elementor-widget-spacer\" data-id=\"e7e52cc\" data-element_type=\"widget\" data-widget_type=\"spacer.default\">\n\t\t\t\t<div class=\"elementor-widget-container\">\n\t\t\t\t\t<div class=\"elementor-spacer\">\n\t\t\t<div class=\"elementor-spacer-inner\"><\/div>\n\t\t<\/div>\n\t\t\t\t<\/div>\n\t\t\t\t<\/div>\n\t\t\t\t\t\t<\/div>\n\t\t\t\t\t<\/div>\n\t\t<\/div>\n\t\t\t\t\t\t\t\t<\/div>\n\t\t\t\t\t<\/div>\n\t\t<\/section>\n\t\t\t\t<section class=\"elementor-section elementor-top-section elementor-element elementor-element-788d676 elementor-section-boxed elementor-section-height-default elementor-section-height-default\" data-id=\"788d676\" data-element_type=\"section\">\n\t\t\t\t\t\t<div class=\"elementor-container elementor-column-gap-default\">\n\t\t\t\t\t\t\t<div class=\"elementor-row\">\n\t\t\t\t\t<div class=\"elementor-column elementor-col-100 elementor-top-column elementor-element elementor-element-189f9e4\" data-id=\"189f9e4\" data-element_type=\"column\">\n\t\t\t<div class=\"elementor-column-wrap elementor-element-populated\">\n\t\t\t\t\t\t\t<div class=\"elementor-widget-wrap\">\n\t\t\t\t\t\t<div class=\"elementor-element elementor-element-ca898b4 elementor-widget-divider--view-line elementor-widget elementor-widget-divider\" data-id=\"ca898b4\" data-element_type=\"widget\" data-widget_type=\"divider.default\">\n\t\t\t\t<div class=\"elementor-widget-container\">\n\t\t\t\t\t<div class=\"elementor-divider\">\n\t\t\t<span class=\"elementor-divider-separator\">\n\t\t\t\t\t\t<\/span>\n\t\t<\/div>\n\t\t\t\t<\/div>\n\t\t\t\t<\/div>\n\t\t\t\t\t\t<\/div>\n\t\t\t\t\t<\/div>\n\t\t<\/div>\n\t\t\t\t\t\t\t\t<\/div>\n\t\t\t\t\t<\/div>\n\t\t<\/section>\n\t\t\t\t<section class=\"elementor-section elementor-top-section elementor-element elementor-element-4657dc0 elementor-section-boxed elementor-section-height-default elementor-section-height-default\" data-id=\"4657dc0\" data-element_type=\"section\">\n\t\t\t\t\t\t<div class=\"elementor-container elementor-column-gap-default\">\n\t\t\t\t\t\t\t<div class=\"elementor-row\">\n\t\t\t\t\t<div class=\"elementor-column elementor-col-50 elementor-top-column elementor-element elementor-element-db91945\" data-id=\"db91945\" data-element_type=\"column\" data-settings=\"{&quot;background_background&quot;:&quot;classic&quot;}\">\n\t\t\t<div class=\"elementor-column-wrap elementor-element-populated\">\n\t\t\t\t\t\t\t<div class=\"elementor-widget-wrap\">\n\t\t\t\t\t\t<div class=\"elementor-element elementor-element-8c5476f elementor-widget elementor-widget-image\" data-id=\"8c5476f\" data-element_type=\"widget\" data-widget_type=\"image.default\">\n\t\t\t\t<div class=\"elementor-widget-container\">\n\t\t\t\t\t\t\t\t<div class=\"elementor-image\">\n\t\t\t\t\t\t\t\t\t\t\t\t<img width=\"489\" height=\"510\" src=\"https:\/\/www.kancelaria-jagodzinski.pl\/wp-content\/uploads\/2021\/08\/CAL2600-800x600-1.jpg\" class=\"attachment-large size-large\" alt=\"\" loading=\"lazy\" srcset=\"https:\/\/www.kancelaria-jagodzinski.pl\/wp-content\/uploads\/2021\/08\/CAL2600-800x600-1.jpg 489w, https:\/\/www.kancelaria-jagodzinski.pl\/wp-content\/uploads\/2021\/08\/CAL2600-800x600-1-288x300.jpg 288w, https:\/\/www.kancelaria-jagodzinski.pl\/wp-content\/uploads\/2021\/08\/CAL2600-800x600-1-12x12.jpg 12w\" sizes=\"(max-width: 489px) 100vw, 489px\" \/>\t\t\t\t\t\t\t\t\t\t\t\t\t\t<\/div>\n\t\t\t\t\t\t<\/div>\n\t\t\t\t<\/div>\n\t\t\t\t<div class=\"elementor-element elementor-element-a50e8e4 elementor-align-justify elementor-widget elementor-widget-button\" data-id=\"a50e8e4\" data-element_type=\"widget\" data-widget_type=\"button.default\">\n\t\t\t\t<div class=\"elementor-widget-container\">\n\t\t\t\t\t<div class=\"elementor-button-wrapper\">\n\t\t\t<a href=\"https:\/\/www.kancelaria-jagodzinski.pl\/en\/kontakt\/\" class=\"elementor-button-link elementor-button elementor-size-sm\" role=\"button\">\n\t\t\t\t\t\t<span class=\"elementor-button-content-wrapper\">\n\t\t\t\t\t\t<span class=\"elementor-button-text\">Send me a message<\/span>\n\t\t<\/span>\n\t\t\t\t\t<\/a>\n\t\t<\/div>\n\t\t\t\t<\/div>\n\t\t\t\t<\/div>\n\t\t\t\t\t\t<\/div>\n\t\t\t\t\t<\/div>\n\t\t<\/div>\n\t\t\t\t<div class=\"elementor-column elementor-col-50 elementor-top-column elementor-element elementor-element-803c1b3\" data-id=\"803c1b3\" data-element_type=\"column\">\n\t\t\t<div class=\"elementor-column-wrap elementor-element-populated\">\n\t\t\t\t\t\t\t<div class=\"elementor-widget-wrap\">\n\t\t\t\t\t\t<div class=\"elementor-element elementor-element-346035e elementor-widget elementor-widget-heading\" data-id=\"346035e\" data-element_type=\"widget\" data-widget_type=\"heading.default\">\n\t\t\t\t<div class=\"elementor-widget-container\">\n\t\t\t<h2 class=\"elementor-heading-title elementor-size-default\">Mateusz Jagodzi\u0144ski<\/h2>\t\t<\/div>\n\t\t\t\t<\/div>\n\t\t\t\t<div class=\"elementor-element elementor-element-ebd2cd6 elementor-widget elementor-widget-heading\" data-id=\"ebd2cd6\" data-element_type=\"widget\" data-widget_type=\"heading.default\">\n\t\t\t\t<div class=\"elementor-widget-container\">\n\t\t\t<h2 class=\"elementor-heading-title elementor-size-default\">Legal Counsel<\/h2>\t\t<\/div>\n\t\t\t\t<\/div>\n\t\t\t\t<div class=\"elementor-element elementor-element-34df713 elementor-widget elementor-widget-text-editor\" data-id=\"34df713\" data-element_type=\"widget\" data-widget_type=\"text-editor.default\">\n\t\t\t\t<div class=\"elementor-widget-container\">\n\t\t\t\t\t\t\t\t<div class=\"elementor-text-editor elementor-clearfix\">\n\t\t\t\t\t<p>A graduate of law at the Faculty of Law and Administration of the Jagiellonian University (2013). He completed his legal adviser apprenticeship at the District Chamber of Legal Advisers in Krakow (2016). Entered on the list of legal advisers kept by the Council of the District Chamber of Legal Advisers in Krakow.<\/p><p>He has many years of experience in cooperation with Krakow law firms, where he mainly dealt with ongoing legal services for enterprises, corporate law, contract law, labor law, restructuring and bankruptcy law, personal data protection law and procedural law. He has experience in conducting difficult court disputes, including corporate and development disputes, as well as negotiations.<\/p><p>For several years he worked as an in-house lawyer in payment institutions, dealing with corporate and regulatory services for these entities before the Polish Financial Supervision Authority and other supervisory authorities.<\/p><p>He has extensive practice in the field of economic law, corporate law, financial market law, including payment services, AML, as well as real estate law, labor law, and restructuring and bankruptcy law.<\/p><p>He also conducts teaching at a university.<\/p><p>He speaks English.<\/p><p>We lead and represent clients before courts, authorities and institutions in economic and corporate matters.<\/p>\t\t\t\t\t<\/div>\n\t\t\t\t\t\t<\/div>\n\t\t\t\t<\/div>\n\t\t\t\t\t\t<\/div>\n\t\t\t\t\t<\/div>\n\t\t<\/div>\n\t\t\t\t\t\t\t\t<\/div>\n\t\t\t\t\t<\/div>\n\t\t<\/section>\n\t\t\t\t\t\t<\/div>\n\t\t\t\t\t\t<\/div>\n\t\t\t\t\t<\/div>","protected":false},"excerpt":{"rendered":"<p>Skontaktuj si\u0119 ze mn\u0105 Mateusz Jagodzi\u0144ski Radca Prawny Absolwent prawa na Wydziale Prawa i Administracji Uniwersytetu Jagiello\u0144skiego (2013). Uko\u0144czy\u0142 aplikacj\u0119 radcowsk\u0105 przy Okr\u0119gowej Izbie Radc\u00f3w Prawnych w Krakowie (2016). Wpisany na list\u0119 radc\u00f3w prawnych prowadzon\u0105 przez Rad\u0119 Okr\u0119gowej Izby Radc\u00f3w Prawnych w Krakowie. Posiada wieloletnie do\u015bwiadczenie we wsp\u00f3\u0142pracy z krakowskimi kancelariami prawnymi, gdzie zajmowa\u0142 si\u0119 &hellip;<\/p>\n<p class=\"read-more\"> <a class=\"\" href=\"https:\/\/www.kancelaria-jagodzinski.pl\/en\/o-wlascicielu\/\"> <span class=\"screen-reader-text\">About Owner<\/span> Read More &raquo;<\/a><\/p>","protected":false},"author":1,"featured_media":0,"parent":0,"menu_order":0,"comment_status":"closed","ping_status":"closed","template":"elementor_header_footer","meta":[],"_links":{"self":[{"href":"https:\/\/www.kancelaria-jagodzinski.pl\/en\/wp-json\/wp\/v2\/pages\/574"}],"collection":[{"href":"https:\/\/www.kancelaria-jagodzinski.pl\/en\/wp-json\/wp\/v2\/pages"}],"about":[{"href":"https:\/\/www.kancelaria-jagodzinski.pl\/en\/wp-json\/wp\/v2\/types\/page"}],"author":[{"embeddable":true,"href":"https:\/\/www.kancelaria-jagodzinski.pl\/en\/wp-json\/wp\/v2\/users\/1"}],"replies":[{"embeddable":true,"href":"https:\/\/www.kancelaria-jagodzinski.pl\/en\/wp-json\/wp\/v2\/comments?post=574"}],"version-history":[{"count":23,"href":"https:\/\/www.kancelaria-jagodzinski.pl\/en\/wp-json\/wp\/v2\/pages\/574\/revisions"}],"predecessor-version":[{"id":880,"href":"https:\/\/www.kancelaria-jagodzinski.pl\/en\/wp-json\/wp\/v2\/pages\/574\/revisions\/880"}],"wp:attachment":[{"href":"https:\/\/www.kancelaria-jagodzinski.pl\/en\/wp-json\/wp\/v2\/media?parent=574"}],"curies":[{"name":"wp","href":"https:\/\/api.w.org\/{rel}","templated":true}]}}